{"id":23,"date":"2015-10-15T15:32:40","date_gmt":"2015-10-15T15:32:40","guid":{"rendered":"http:\/\/wpoffice\/construction\/?page_id=23"},"modified":"2024-08-25T15:07:05","modified_gmt":"2024-08-25T12:07:05","slug":"contact","status":"publish","type":"page","link":"https:\/\/celikway.com\/?page_id=23","title":{"rendered":"Contact"},"content":{"rendered":"<div id='full_slider_1'  class='avia-fullwidth-slider main_color avia-shadow   avia-builder-el-0  el_before_av_two_third  avia-builder-el-first   container_wrap sidebar_right'  ><div  class='avia-slideshow av-m09i3l6r-86958433267e466a8c04d39e82ef50cd avia-slideshow-featured av_slideshow_full avia-slide-slider av-slideshow-ui av-control-default av-slideshow-manual av-loop-once av-loop-manual-endless av-default-height-applied   avia-slideshow-1' data-slideshow-options=\"{&quot;animation&quot;:&quot;slide&quot;,&quot;autoplay&quot;:false,&quot;loop_autoplay&quot;:&quot;once&quot;,&quot;interval&quot;:5,&quot;loop_manual&quot;:&quot;manual-endless&quot;,&quot;autoplay_stopper&quot;:false,&quot;noNavigation&quot;:false,&quot;bg_slider&quot;:false,&quot;keep_padding&quot;:false,&quot;hoverpause&quot;:false,&quot;show_slide_delay&quot;:0}\"  itemprop=\"image\" itemscope=\"itemscope\" itemtype=\"https:\/\/schema.org\/ImageObject\" ><ul class='avia-slideshow-inner ' style='padding-bottom: 28.666666666667%;'><li  class='avia-slideshow-slide av-m09i3l6r-86958433267e466a8c04d39e82ef50cd__0  av-single-slide slide-1 slide-odd'><div data-rel='slideshow-1' class='avia-slide-wrap '   ><img decoding=\"async\" fetchpriority=\"high\" class=\"wp-image-473 avia-img-lazy-loading-not-473\"  src=\"https:\/\/celikway.com\/wp-content\/uploads\/2024\/08\/CELIKWAY-INC.-3.png\" width=\"1500\" height=\"430\" title='CELIKWAY INC. (3)' alt=''  itemprop=\"thumbnailUrl\" srcset=\"https:\/\/celikway.com\/wp-content\/uploads\/2024\/08\/CELIKWAY-INC.-3.png 1500w, https:\/\/celikway.com\/wp-content\/uploads\/2024\/08\/CELIKWAY-INC.-3-300x86.png 300w, https:\/\/celikway.com\/wp-content\/uploads\/2024\/08\/CELIKWAY-INC.-3-1030x295.png 1030w, https:\/\/celikway.com\/wp-content\/uploads\/2024\/08\/CELIKWAY-INC.-3-768x220.png 768w, https:\/\/celikway.com\/wp-content\/uploads\/2024\/08\/CELIKWAY-INC.-3-705x202.png 705w\" sizes=\"(max-width: 1500px) 100vw, 1500px\" \/><\/div><\/li><\/ul><\/div><\/div><div id='after_full_slider_1'  class='main_color av_default_container_wrap container_wrap sidebar_right'  ><div class='container av-section-cont-open' ><div class='template-page content  av-content-small alpha units'><div class='post-entry post-entry-type-page post-entry-23'><div class='entry-content-wrapper clearfix'>\n\n<style type=\"text\/css\" data-created_by=\"avia_inline_auto\" id=\"style-css-av-99ehj-44bebf6b80f692594cef28a49c643450\">\n.flex_column.av-99ehj-44bebf6b80f692594cef28a49c643450{\nborder-radius:0px 0px 0px 0px;\npadding:0px 0px 0px 0px;\n}\n<\/style>\n<div  class='flex_column av-99ehj-44bebf6b80f692594cef28a49c643450 av_two_third  avia-builder-el-1  el_after_av_slideshow_full  el_before_av_one_third  avia-builder-el-first  first flex_column_div av-animated-generic bottom-to-top av-zero-column-padding  '     ><p>\n<style type=\"text\/css\" data-created_by=\"avia_inline_auto\" id=\"style-css-av-8m4wr-74acafa210d7db9dd008c01707cf8c25\">\n#top .av-special-heading.av-8m4wr-74acafa210d7db9dd008c01707cf8c25{\npadding-bottom:0;\n}\nbody .av-special-heading.av-8m4wr-74acafa210d7db9dd008c01707cf8c25 .av-special-heading-tag .heading-char{\nfont-size:25px;\n}\n.av-special-heading.av-8m4wr-74acafa210d7db9dd008c01707cf8c25 .av-subheading{\nfont-size:15px;\n}\n<\/style>\n<div  class='av-special-heading av-8m4wr-74acafa210d7db9dd008c01707cf8c25 av-special-heading-h3 blockquote modern-quote  avia-builder-el-2  el_before_av_hr  avia-builder-el-first '><h3 class='av-special-heading-tag '  itemprop=\"headline\"  >Get in touch<\/h3><div class=\"special-heading-border\"><div class=\"special-heading-inner-border\"><\/div><\/div><\/div><br \/>\n\n<style type=\"text\/css\" data-created_by=\"avia_inline_auto\" id=\"style-css-av-7xlqb-559a8d5edd53d0f9be9b59116acdb5f3\">\n#top .hr.av-7xlqb-559a8d5edd53d0f9be9b59116acdb5f3{\nmargin-top:10px;\nmargin-bottom:10px;\n}\n.hr.av-7xlqb-559a8d5edd53d0f9be9b59116acdb5f3 .hr-inner{\nwidth:50px;\nborder-color:#efbb20;\n}\n<\/style>\n<div  class='hr av-7xlqb-559a8d5edd53d0f9be9b59116acdb5f3 hr-custom  avia-builder-el-3  el_after_av_heading  el_before_av_contact  hr-left hr-icon-no'><span class='hr-inner inner-border-av-border-fat'><span class=\"hr-inner-style\"><\/span><\/span><\/div><br \/>\n<form action=\"https:\/\/celikway.com\/?page_id=23\" method=\"post\" data-fields-with-error=\"Found errors in the following field(s):\" class=\"avia_ajax_form av-form-labels-visible   avia-builder-el-4  el_after_av_hr  avia-builder-el-last   \" data-avia-form-id=\"1\" data-avia-redirect=''  aria-label='Contact Form' ><fieldset><p class='  first_form  form_element form_element_half' id='element_avia_1_1'><label for=\"avia_1_1\">Name <abbr class=\"required\" title=\"required\">*<\/abbr><\/label> <input name=\"avia_1_1\" class=\"text_input is_empty\" type=\"text\" id=\"avia_1_1\" value=\"\" \/><\/p><p class='  form_element form_element_half' id='element_avia_2_1'><label for=\"avia_2_1\">E-Mail <abbr class=\"required\" title=\"required\">*<\/abbr><\/label> <input name=\"avia_2_1\" class=\"text_input is_email\" type=\"text\" id=\"avia_2_1\" value=\"\" \/><\/p><p class='  first_form  form_element form_element_half' id='element_avia_3_1'><label for=\"avia_3_1\">Subject <abbr class=\"required\" title=\"required\">*<\/abbr><\/label> <input name=\"avia_3_1\" class=\"text_input is_empty\" type=\"text\" id=\"avia_3_1\" value=\"\" \/><\/p><p class='  form_element form_element_half' id='element_avia_4_1'><label for=\"avia_4_1\">Phone Number<\/label> <input name=\"avia_4_1\" class=\"text_input \" type=\"text\" id=\"avia_4_1\" value=\"\" \/><\/p><p class='  first_form  form_element form_fullwidth av-last-visible-form-element' id='element_avia_5_1'><label for=\"avia_5_1\" class=\"textare_label hidden textare_label_avia_5_1\">Message <abbr class=\"required\" title=\"required\">*<\/abbr><\/label><textarea  name=\"avia_5_1\" class=\"text_area is_empty\" cols=\"40\" rows=\"7\" id=\"avia_5_1\" ><\/textarea><\/p><p class=\"hidden\"><input type=\"text\" name=\"avia_6_1\" class=\"hidden \" id=\"avia_6_1\" value=\"\" \/><\/p><p class=\"form_element \"><input type=\"hidden\" value=\"1\" name=\"avia_generated_form1\" \/><input type=\"submit\" value=\"Get in touch\" class=\"button\"  data-sending-label=\"Sending\"\/><\/p><\/fieldset><\/form><div id=\"ajaxresponse_1\" class=\"ajaxresponse ajaxresponse_1 hidden\"><\/div><\/p><\/div>\n<style type=\"text\/css\" data-created_by=\"avia_inline_auto\" id=\"style-css-av-3yb5z-df364719bc1a4031c73e16da0d3f443d\">\n.flex_column.av-3yb5z-df364719bc1a4031c73e16da0d3f443d{\nborder-radius:0px 0px 0px 0px;\npadding:0px 0px 0px 0px;\n}\n<\/style>\n<div  class='flex_column av-3yb5z-df364719bc1a4031c73e16da0d3f443d av_one_third  avia-builder-el-5  el_after_av_two_third  el_before_av_one_full  flex_column_div av-animated-generic bottom-to-top av-zero-column-padding  '     ><p>\n<style type=\"text\/css\" data-created_by=\"avia_inline_auto\" id=\"style-css-av-3iehb-6f2601a15c3ebc81eb24d757b60732e6\">\n#top .av-special-heading.av-3iehb-6f2601a15c3ebc81eb24d757b60732e6{\npadding-bottom:0;\n}\nbody .av-special-heading.av-3iehb-6f2601a15c3ebc81eb24d757b60732e6 .av-special-heading-tag .heading-char{\nfont-size:25px;\n}\n.av-special-heading.av-3iehb-6f2601a15c3ebc81eb24d757b60732e6 .av-subheading{\nfont-size:15px;\n}\n<\/style>\n<div  class='av-special-heading av-3iehb-6f2601a15c3ebc81eb24d757b60732e6 av-special-heading-h3 blockquote modern-quote  avia-builder-el-6  el_before_av_hr  avia-builder-el-first '><h3 class='av-special-heading-tag '  itemprop=\"headline\"  >Other Ways to Reach Us<\/h3><div class=\"special-heading-border\"><div class=\"special-heading-inner-border\"><\/div><\/div><\/div><br \/>\n\n<style type=\"text\/css\" data-created_by=\"avia_inline_auto\" id=\"style-css-av-2nbyn-3a9ae0703e42b68aecf736d76eb35e60\">\n#top .hr.av-2nbyn-3a9ae0703e42b68aecf736d76eb35e60{\nmargin-top:10px;\nmargin-bottom:10px;\n}\n.hr.av-2nbyn-3a9ae0703e42b68aecf736d76eb35e60 .hr-inner{\nwidth:50px;\nborder-color:#efbb20;\n}\n<\/style>\n<div  class='hr av-2nbyn-3a9ae0703e42b68aecf736d76eb35e60 hr-custom  avia-builder-el-7  el_after_av_heading  el_before_av_textblock  hr-left hr-icon-no'><span class='hr-inner inner-border-av-border-fat'><span class=\"hr-inner-style\"><\/span><\/span><\/div><br \/>\n<section  class='av_textblock_section av-287in-10c6aae419f30ab3ecfb47db768b663f '   itemscope=\"itemscope\" itemtype=\"https:\/\/schema.org\/CreativeWork\" ><div class='avia_textblock'  itemprop=\"text\" ><p>In case of your further enquiries, we are happy to meet you in person.<\/p>\n<p>Alternatively, we are happy to reach you over Skype.<\/p>\n<\/div><\/section><br \/>\n\n<style type=\"text\/css\" data-created_by=\"avia_inline_auto\" id=\"style-css-av-1b2rr-96d15479e31a5e355674717c705be1e8\">\n#top .hr.av-1b2rr-96d15479e31a5e355674717c705be1e8{\nmargin-top:10px;\nmargin-bottom:10px;\n}\n.hr.av-1b2rr-96d15479e31a5e355674717c705be1e8 .hr-inner{\nwidth:50px;\nborder-color:#efbb20;\n}\n<\/style>\n<div  class='hr av-1b2rr-96d15479e31a5e355674717c705be1e8 hr-custom  avia-builder-el-9  el_after_av_textblock  el_before_av_textblock  hr-left hr-icon-no'><span class='hr-inner inner-border-av-border-fat'><span class=\"hr-inner-style\"><\/span><\/span><\/div><br \/>\n<section  class='av_textblock_section av-142j7-5527c3dfe0bff55c0ce4c4e9e4a764d6 '   itemscope=\"itemscope\" itemtype=\"https:\/\/schema.org\/CreativeWork\" ><div class='avia_textblock'  itemprop=\"text\" ><p><strong>Address<\/strong><\/p>\n<p>Workinton Office<br \/>\nK\u00fc\u00e7\u00fckbakkalkoy Mah. Y\u00fcksel Sok. No. 10.<br \/>\nAta\u015fehir,\u00a0 Istanbul, Turkey<\/p>\n<p><strong>Contact<\/strong><br \/>\ncelikwaytr@gmail.com<br \/>\nSkype: celikwaytr<\/p>\n<p><strong>Opening Hours:<\/strong><br \/>\nMo-Fr: 8:00-18:00 (CET+1 Istanbul)<br \/>\nSa-Sun: Closed<\/p>\n<\/div><\/section><\/p><\/div><\/p>\n<div  class='flex_column av-5jmr-2f63349f699f15f1241ce65d372ce737 av_one_full  avia-builder-el-11  el_after_av_one_third  el_before_av_section  avia-builder-el-last  first flex_column_div  column-top-margin'     ><\/div>\n<\/div><\/div><\/div><!-- close content main div --><\/div><\/div><div id='av_section_1'  class='avia-section av-3f0f-3f3da788d7105315871e9a7032d0993c main_color avia-section-default avia-no-border-styling  avia-builder-el-12  el_after_av_one_full  avia-builder-el-last  avia-bg-style-scroll container_wrap sidebar_right'  ><div class='container av-section-cont-open' ><div class='template-page content  av-content-small alpha units'><div class='post-entry post-entry-type-page post-entry-23'><div class='entry-content-wrapper clearfix'><\/div><\/div><\/div><!-- close content main div --><\/div><\/div><div id='after_section_1'  class='main_color av_default_container_wrap container_wrap sidebar_right'  ><div class='container av-section-cont-open' ><div class='template-page content  av-content-small alpha units'><div class='post-entry post-entry-type-page post-entry-23'><div class='entry-content-wrapper clearfix'>\n","protected":false},"excerpt":{"rendered":"","protected":false},"author":1,"featured_media":0,"parent":0,"menu_order":0,"comment_status":"closed","ping_status":"closed","template":"","meta":{"footnotes":""},"class_list":["post-23","page","type-page","status-publish","hentry"],"_links":{"self":[{"href":"https:\/\/celikway.com\/index.php?rest_route=\/wp\/v2\/pages\/23","targetHints":{"allow":["GET"]}}],"collection":[{"href":"https:\/\/celikway.com\/index.php?rest_route=\/wp\/v2\/pages"}],"about":[{"href":"https:\/\/celikway.com\/index.php?rest_route=\/wp\/v2\/types\/page"}],"author":[{"embeddable":true,"href":"https:\/\/celikway.com\/index.php?rest_route=\/wp\/v2\/users\/1"}],"replies":[{"embeddable":true,"href":"https:\/\/celikway.com\/index.php?rest_route=%2Fwp%2Fv2%2Fcomments&post=23"}],"version-history":[{"count":10,"href":"https:\/\/celikway.com\/index.php?rest_route=\/wp\/v2\/pages\/23\/revisions"}],"predecessor-version":[{"id":481,"href":"https:\/\/celikway.com\/index.php?rest_route=\/wp\/v2\/pages\/23\/revisions\/481"}],"wp:attachment":[{"href":"https:\/\/celikway.com\/index.php?rest_route=%2Fwp%2Fv2%2Fmedia&parent=23"}],"curies":[{"name":"wp","href":"https:\/\/api.w.org\/{rel}","templated":true}]}}